{"id":106,"date":"2020-11-01T23:04:41","date_gmt":"2020-11-01T21:04:41","guid":{"rendered":"https:\/\/dtpveurope.com\/?page_id=106"},"modified":"2020-11-07T15:30:12","modified_gmt":"2020-11-07T13:30:12","slug":"o-nas","status":"publish","type":"page","link":"https:\/\/dtpveurope.com\/pl\/o-nas\/","title":{"rendered":"O nas"},"content":{"rendered":"\n<p>Ukrai\u0144ska &#8222;Firma odszkodowawcza&#8221; Automobile Expert &#8222;(kod USREOU 40879510) &#8211; oficjalny przedstawiciel polskiej kancelarii prawnej Kancelaria Odszkodowawcz Automobile Expert Sp. ogr\u00f3d zoologiczny. \u015bw. Cegielniana 1, 42-280 Cz\u0119stochowa, Polska (NIP 754-289-10-97), kt\u00f3ra jest jedn\u0105 z najwi\u0119kszych kancelarii prawnych w Europie, w kt\u00f3rej ponad 70 wysoko wykwalifikowanych prawnik\u00f3w od 13 lat zajmuje si\u0119 wy\u0142\u0105cznie odszkodowaniami finansowymi w UE. dla obywateli UE i 5 lat dla obywateli Ukrainy. W tym okresie, dzi\u0119ki naszej pomocy, obywatelom Ukrainy zwr\u00f3cono ponad 12 mln euro.<br>Wieloletnie do\u015bwiadczenie naszych prawnik\u00f3w (w zakresie ubezpiecze\u0144, prawa cywilnego i karnego), wysoka skuteczno\u015b\u0107 ich dzia\u0142a\u0144 pozwala nam na ustalenie i uzyskanie maksymalnej mo\u017cliwej wysoko\u015bci odszkodowania finansowego dla naszych klient\u00f3w od europejskich towarzystw ubezpieczeniowych, pracodawc\u00f3w i innych struktur.<\/p>\n\n\n\n<p>Nasze atuty:<\/p>\n\n\n\n<p>bezp\u0142atne porady prawne przez ca\u0142\u0105 dob\u0119; w przypadku \u015bmierci, zapewnienie specjalnego samochodu i rejestracja wszystkich niezb\u0119dnych dokument\u00f3w do transportu zw\u0142ok na Ukrain\u0119; zapewnienie pojazdu medycznego do transportu ofiar do wybranej plac\u00f3wki medycznej na Ukrainie; pomoc krewnym ofiar w dostaniu si\u0119 do UE (wsparcie finansowe i transportowe); decyzj\u0119 dotycz\u0105c\u0105 roszcze\u0144 w sprawach najtrudniejszych lub spornych podejmuje nie jeden z naszych prawnik\u00f3w, ale rada naszych prawnik\u00f3w;<\/p>\n\n\n\n<p>NIE BIERAMY OD CIEBIE \u017bADNYCH PRZEDP\u0141AT (ZALICZKI)!<\/p>\n","protected":false},"excerpt":{"rendered":"<p>Ukrai\u0144ska &#8222;Firma odszkodowawcza&#8221; Automobile Expert &#8222;(kod USREOU 40879510) &#8211; oficjalny przedstawiciel polskiej kancelarii prawnej Kancelaria Odszkodowawcz Automobile Expert Sp. ogr\u00f3d zoologiczny. \u015bw. Cegielniana 1, 42-280 Cz\u0119stochowa, Polska (NIP 754-289-10-97), kt\u00f3ra jest jedn\u0105 z najwi\u0119kszych kancelarii prawnych w Europie, w kt\u00f3rej ponad 70 wysoko wykwalifikowanych prawnik\u00f3w od 13 lat zajmuje si\u0119 wy\u0142\u0105cznie odszkodowaniami finansowymi w UE. [&hellip;]<\/p>\n","protected":false},"author":3,"featured_media":0,"parent":0,"menu_order":0,"comment_status":"closed","ping_status":"closed","template":"","meta":{"inline_featured_image":false,"footnotes":""},"class_list":["post-106","page","type-page","status-publish","hentry"],"_hostinger_reach_plugin_has_subscription_block":false,"_hostinger_reach_plugin_is_elementor":false,"_links":{"self":[{"href":"https:\/\/dtpveurope.com\/pl\/wp-json\/wp\/v2\/pages\/106","targetHints":{"allow":["GET"]}}],"collection":[{"href":"https:\/\/dtpveurope.com\/pl\/wp-json\/wp\/v2\/pages"}],"about":[{"href":"https:\/\/dtpveurope.com\/pl\/wp-json\/wp\/v2\/types\/page"}],"author":[{"embeddable":true,"href":"https:\/\/dtpveurope.com\/pl\/wp-json\/wp\/v2\/users\/3"}],"replies":[{"embeddable":true,"href":"https:\/\/dtpveurope.com\/pl\/wp-json\/wp\/v2\/comments?post=106"}],"version-history":[{"count":3,"href":"https:\/\/dtpveurope.com\/pl\/wp-json\/wp\/v2\/pages\/106\/revisions"}],"predecessor-version":[{"id":222,"href":"https:\/\/dtpveurope.com\/pl\/wp-json\/wp\/v2\/pages\/106\/revisions\/222"}],"wp:attachment":[{"href":"https:\/\/dtpveurope.com\/pl\/wp-json\/wp\/v2\/media?parent=106"}],"curies":[{"name":"wp","href":"https:\/\/api.w.org\/{rel}","templated":true}]}}